{"id":240,"date":"2020-04-26T11:53:32","date_gmt":"2020-04-26T09:53:32","guid":{"rendered":"https:\/\/fattoriadianella.it\/shop\/senza%20categoria\/chianti-riserva\/"},"modified":"2025-03-01T00:05:25","modified_gmt":"2025-02-28T23:05:25","slug":"chianti-riserva","status":"publish","type":"product","link":"https:\/\/fattoriadianella.it\/it\/shop\/vino-it\/chianti-riserva\/","title":{"rendered":"Chianti Riserva DOCG"},"content":{"rendered":"[vc_row][vc_column][vc_column_text]<strong>CHIANTI DOCG<\/strong><\/p>\n<p><strong>AREA DI PRODUZIONE<br \/>\n<\/strong>Chianti<\/p>\n<p><strong>STAGIONE DI CRESCITA<br \/>\n<\/strong>L&#8217;autunno e l&#8217;inverno sono stati molto miti quest&#8217;anno, con temperature sotto lo zero solo nel mese di gennaio. \u00c8 stato un periodo piovoso. In primavera, le temperature sono state nella media, con la fine di maggio e l&#8217;inizio di giugno caldi ma umidi. Questo ha ridotto l&#8217;allegagione e, insieme a due grandinate alla fine di maggio, ha limitato la crescita delle piante. Ci\u00f2 \u00e8 stato positivo per il Sangiovese. L&#8217;estate \u00e8 stata calda e secca. Le piogge di fine luglio e met\u00e0 agosto hanno dato un po&#8217; di sollievo alle piante, aiutandole durante il periodo dell&#8217;invaiatura. La vendemmia \u00e8 iniziata all&#8217;inizio di settembre, con temperature da medie ad alte per quel periodo dell&#8217;anno durante il giorno e un calo fino a 10-15\u00b0C durante la notte, favorendo l&#8217;accumulo di composti fenolici.<\/p>\n<p><strong>VARIET\u00c0 DI UVE<br \/>\n<\/strong>Sangiovese 95% e Colorino 5%.<\/p>\n<p><strong>FERMENTAZIONE<br \/>\n<\/strong>In acciaio inox a temperatura controllata di 24\u00b0C-27\u00b0C (75,2\u00b0-80,6\u00b0F) con 20-25 giorni di contatto con le bucce.<\/p>\n<p><strong>AFFINAMENTO<br \/>\n<\/strong>18 mesi in grandi botti e 8 mesi in bottiglia.<\/p>\n<p><strong>FORMATO<\/strong><br \/>\n750 ml. 1500 ml.[\/vc_column_text][\/vc_column][\/vc_row]\n","protected":false},"excerpt":{"rendered":"<p><strong>CHIANTI DIANELLA RISERVA<\/strong><\/p>\n<p><strong>CHIANTI DOCG<\/strong><\/p>\n<p>Un vino blasonato, morbido ed equilibrato di grande potenza con un gusto deciso, capace di esaltare i palati pi\u00f9 difficili. Raffinato ed elegante si abbina perfettamente ai piatti della pi\u00f9 alta tradizione della cucina toscana ed italiana.<\/p>\n<p><strong>NOTE DEGUSTAZIONE<\/strong><br \/>\nColore rosso rubino intenso. Al naso complesso con profumi di viola, mora e frutti rossi maturi su un finale speziato ed elegantemente balsamico. In bocca \u00e8 raffinato con tannini strutturati e vellutati. Finale lungo dal piacevole ritorno di spezie dolci ed eucalipto.<\/p>\n<p><a href=\"https:\/\/fattoriadianella.it\/wp-content\/uploads\/CHIANTI-RISERVA-13-IT.pdf\"><strong>SCHEDA TECNICA 2013<\/strong><\/a><\/p>\n<p><strong><a href=\"https:\/\/fattoriadianella.it\/it\/shop\/vino\/chianti-riserva-docg-2015\/\" target=\"_blank\" rel=\"noopener noreferrer\">SCHEDA TECNICA 2015<\/a><\/strong><\/p>\n<p><strong><a href=\"https:\/\/fattoriadianella.it\/wp-content\/uploads\/CHIANTI-RISERVA-2016-ENG.pdf\">SCHEDA TECNICA 2016<\/a><\/strong><\/p>\n<p><strong><a href=\"https:\/\/fattoriadianella.it\/wp-content\/uploads\/Chianti-Riserva-DOCG-2022.pdf\">SCHEDA TECNICA 2022<\/a><\/strong><\/p>\n","protected":false},"featured_media":4200,"comment_status":"closed","ping_status":"closed","template":"","meta":[],"product_brand":[],"product_cat":[42],"product_tag":[],"class_list":{"0":"post-240","1":"product","2":"type-product","3":"status-publish","4":"has-post-thumbnail","6":"product_cat-vino-it","8":"first","9":"instock","10":"taxable","11":"shipping-taxable","12":"purchasable","13":"product-type-variable"},"yoast_head":"<!-- This site is optimized with the Yoast SEO plugin v26.9 - https:\/\/yoast.com\/product\/yoast-seo-wordpress\/ -->\n<title>Chianti Riserva DOCG - Dianella Wine Shop<\/title>\n<meta name=\"description\" content=\"Chianti Riserva DOCG: Un vino biologico nobile, morbido ed equilibrato, di corpo pieno con un gusto forte, in grado di esaltare anche i palati pi\u00f9 esigenti.\" \/>\n<meta name=\"robots\" content=\"index, follow, max-snippet:-1, max-image-preview:large, max-video-preview:-1\" \/>\n<link rel=\"canonical\" href=\"https:\/\/fattoriadianella.it\/it\/shop\/vino-it\/chianti-riserva\/\" \/>\n<meta property=\"og:locale\" content=\"it_IT\" \/>\n<meta property=\"og:type\" content=\"article\" \/>\n<meta property=\"og:title\" content=\"Chianti Riserva DOCG - Dianella Wine Shop\" \/>\n<meta property=\"og:description\" content=\"Chianti Riserva DOCG: Un vino biologico nobile, morbido ed equilibrato, di corpo pieno con un gusto forte, in grado di esaltare anche i palati pi\u00f9 esigenti.\" \/>\n<meta property=\"og:url\" content=\"https:\/\/fattoriadianella.it\/it\/shop\/vino-it\/chianti-riserva\/\" \/>\n<meta property=\"og:site_name\" content=\"Dianella Wine Shop\" \/>\n<meta property=\"article:modified_time\" content=\"2025-02-28T23:05:25+00:00\" \/>\n<meta property=\"og:image\" content=\"https:\/\/fattoriadianella.it\/wp-content\/uploads\/2-19.png\" \/>\n\t<meta property=\"og:image:width\" content=\"1485\" \/>\n\t<meta property=\"og:image:height\" content=\"1485\" \/>\n\t<meta property=\"og:image:type\" content=\"image\/png\" \/>\n<meta name=\"twitter:card\" content=\"summary_large_image\" \/>\n<meta name=\"twitter:label1\" content=\"Tempo di lettura stimato\" \/>\n\t<meta name=\"twitter:data1\" content=\"1 minuto\" \/>\n<script type=\"application\/ld+json\" class=\"yoast-schema-graph\">{\"@context\":\"https:\/\/schema.org\",\"@graph\":[{\"@type\":\"WebPage\",\"@id\":\"https:\/\/fattoriadianella.it\/it\/shop\/vino-it\/chianti-riserva\/\",\"url\":\"https:\/\/fattoriadianella.it\/it\/shop\/vino-it\/chianti-riserva\/\",\"name\":\"Chianti Riserva DOCG - Dianella Wine Shop\",\"isPartOf\":{\"@id\":\"https:\/\/fattoriadianella.it\/#website\"},\"primaryImageOfPage\":{\"@id\":\"https:\/\/fattoriadianella.it\/it\/shop\/vino-it\/chianti-riserva\/#primaryimage\"},\"image\":{\"@id\":\"https:\/\/fattoriadianella.it\/it\/shop\/vino-it\/chianti-riserva\/#primaryimage\"},\"thumbnailUrl\":\"https:\/\/fattoriadianella.it\/wp-content\/uploads\/2-19.png\",\"datePublished\":\"2020-04-26T09:53:32+00:00\",\"dateModified\":\"2025-02-28T23:05:25+00:00\",\"description\":\"Chianti Riserva DOCG: Un vino biologico nobile, morbido ed equilibrato, di corpo pieno con un gusto forte, in grado di esaltare anche i palati pi\u00f9 esigenti.\",\"breadcrumb\":{\"@id\":\"https:\/\/fattoriadianella.it\/it\/shop\/vino-it\/chianti-riserva\/#breadcrumb\"},\"inLanguage\":\"it-IT\",\"potentialAction\":[{\"@type\":\"ReadAction\",\"target\":[\"https:\/\/fattoriadianella.it\/it\/shop\/vino-it\/chianti-riserva\/\"]}]},{\"@type\":\"ImageObject\",\"inLanguage\":\"it-IT\",\"@id\":\"https:\/\/fattoriadianella.it\/it\/shop\/vino-it\/chianti-riserva\/#primaryimage\",\"url\":\"https:\/\/fattoriadianella.it\/wp-content\/uploads\/2-19.png\",\"contentUrl\":\"https:\/\/fattoriadianella.it\/wp-content\/uploads\/2-19.png\",\"width\":1485,\"height\":1485},{\"@type\":\"BreadcrumbList\",\"@id\":\"https:\/\/fattoriadianella.it\/it\/shop\/vino-it\/chianti-riserva\/#breadcrumb\",\"itemListElement\":[{\"@type\":\"ListItem\",\"position\":1,\"name\":\"Home\",\"item\":\"https:\/\/fattoriadianella.it\/it\/\"},{\"@type\":\"ListItem\",\"position\":2,\"name\":\"I Vini di Dianella\",\"item\":\"https:\/\/fattoriadianella.it\/it\/\"},{\"@type\":\"ListItem\",\"position\":3,\"name\":\"Chianti Riserva DOCG\"}]},{\"@type\":\"WebSite\",\"@id\":\"https:\/\/fattoriadianella.it\/#website\",\"url\":\"https:\/\/fattoriadianella.it\/\",\"name\":\"Dianella Wine Shop\",\"description\":\"Dianella Wine SHop\",\"potentialAction\":[{\"@type\":\"SearchAction\",\"target\":{\"@type\":\"EntryPoint\",\"urlTemplate\":\"https:\/\/fattoriadianella.it\/?s={search_term_string}\"},\"query-input\":{\"@type\":\"PropertyValueSpecification\",\"valueRequired\":true,\"valueName\":\"search_term_string\"}}],\"inLanguage\":\"it-IT\"}]}<\/script>\n<!-- \/ Yoast SEO plugin. -->","yoast_head_json":{"title":"Chianti Riserva DOCG - Dianella Wine Shop","description":"Chianti Riserva DOCG: Un vino biologico nobile, morbido ed equilibrato, di corpo pieno con un gusto forte, in grado di esaltare anche i palati pi\u00f9 esigenti.","robots":{"index":"index","follow":"follow","max-snippet":"max-snippet:-1","max-image-preview":"max-image-preview:large","max-video-preview":"max-video-preview:-1"},"canonical":"https:\/\/fattoriadianella.it\/it\/shop\/vino-it\/chianti-riserva\/","og_locale":"it_IT","og_type":"article","og_title":"Chianti Riserva DOCG - Dianella Wine Shop","og_description":"Chianti Riserva DOCG: Un vino biologico nobile, morbido ed equilibrato, di corpo pieno con un gusto forte, in grado di esaltare anche i palati pi\u00f9 esigenti.","og_url":"https:\/\/fattoriadianella.it\/it\/shop\/vino-it\/chianti-riserva\/","og_site_name":"Dianella Wine Shop","article_modified_time":"2025-02-28T23:05:25+00:00","og_image":[{"width":1485,"height":1485,"url":"https:\/\/fattoriadianella.it\/wp-content\/uploads\/2-19.png","type":"image\/png"}],"twitter_card":"summary_large_image","twitter_misc":{"Tempo di lettura stimato":"1 minuto"},"schema":{"@context":"https:\/\/schema.org","@graph":[{"@type":"WebPage","@id":"https:\/\/fattoriadianella.it\/it\/shop\/vino-it\/chianti-riserva\/","url":"https:\/\/fattoriadianella.it\/it\/shop\/vino-it\/chianti-riserva\/","name":"Chianti Riserva DOCG - Dianella Wine Shop","isPartOf":{"@id":"https:\/\/fattoriadianella.it\/#website"},"primaryImageOfPage":{"@id":"https:\/\/fattoriadianella.it\/it\/shop\/vino-it\/chianti-riserva\/#primaryimage"},"image":{"@id":"https:\/\/fattoriadianella.it\/it\/shop\/vino-it\/chianti-riserva\/#primaryimage"},"thumbnailUrl":"https:\/\/fattoriadianella.it\/wp-content\/uploads\/2-19.png","datePublished":"2020-04-26T09:53:32+00:00","dateModified":"2025-02-28T23:05:25+00:00","description":"Chianti Riserva DOCG: Un vino biologico nobile, morbido ed equilibrato, di corpo pieno con un gusto forte, in grado di esaltare anche i palati pi\u00f9 esigenti.","breadcrumb":{"@id":"https:\/\/fattoriadianella.it\/it\/shop\/vino-it\/chianti-riserva\/#breadcrumb"},"inLanguage":"it-IT","potentialAction":[{"@type":"ReadAction","target":["https:\/\/fattoriadianella.it\/it\/shop\/vino-it\/chianti-riserva\/"]}]},{"@type":"ImageObject","inLanguage":"it-IT","@id":"https:\/\/fattoriadianella.it\/it\/shop\/vino-it\/chianti-riserva\/#primaryimage","url":"https:\/\/fattoriadianella.it\/wp-content\/uploads\/2-19.png","contentUrl":"https:\/\/fattoriadianella.it\/wp-content\/uploads\/2-19.png","width":1485,"height":1485},{"@type":"BreadcrumbList","@id":"https:\/\/fattoriadianella.it\/it\/shop\/vino-it\/chianti-riserva\/#breadcrumb","itemListElement":[{"@type":"ListItem","position":1,"name":"Home","item":"https:\/\/fattoriadianella.it\/it\/"},{"@type":"ListItem","position":2,"name":"I Vini di Dianella","item":"https:\/\/fattoriadianella.it\/it\/"},{"@type":"ListItem","position":3,"name":"Chianti Riserva DOCG"}]},{"@type":"WebSite","@id":"https:\/\/fattoriadianella.it\/#website","url":"https:\/\/fattoriadianella.it\/","name":"Dianella Wine Shop","description":"Dianella Wine SHop","potentialAction":[{"@type":"SearchAction","target":{"@type":"EntryPoint","urlTemplate":"https:\/\/fattoriadianella.it\/?s={search_term_string}"},"query-input":{"@type":"PropertyValueSpecification","valueRequired":true,"valueName":"search_term_string"}}],"inLanguage":"it-IT"}]}},"_links":{"self":[{"href":"https:\/\/fattoriadianella.it\/it\/wp-json\/wp\/v2\/product\/240","targetHints":{"allow":["GET"]}}],"collection":[{"href":"https:\/\/fattoriadianella.it\/it\/wp-json\/wp\/v2\/product"}],"about":[{"href":"https:\/\/fattoriadianella.it\/it\/wp-json\/wp\/v2\/types\/product"}],"replies":[{"embeddable":true,"href":"https:\/\/fattoriadianella.it\/it\/wp-json\/wp\/v2\/comments?post=240"}],"wp:featuredmedia":[{"embeddable":true,"href":"https:\/\/fattoriadianella.it\/it\/wp-json\/wp\/v2\/media\/4200"}],"wp:attachment":[{"href":"https:\/\/fattoriadianella.it\/it\/wp-json\/wp\/v2\/media?parent=240"}],"wp:term":[{"taxonomy":"product_brand","embeddable":true,"href":"https:\/\/fattoriadianella.it\/it\/wp-json\/wp\/v2\/product_brand?post=240"},{"taxonomy":"product_cat","embeddable":true,"href":"https:\/\/fattoriadianella.it\/it\/wp-json\/wp\/v2\/product_cat?post=240"},{"taxonomy":"product_tag","embeddable":true,"href":"https:\/\/fattoriadianella.it\/it\/wp-json\/wp\/v2\/product_tag?post=240"}],"curies":[{"name":"wp","href":"https:\/\/api.w.org\/{rel}","templated":true}]}}