{"id":2253,"date":"2022-06-28T09:30:28","date_gmt":"2022-06-28T07:30:28","guid":{"rendered":"https:\/\/fattoriadianella.it\/?post_type=product&#038;p=2253"},"modified":"2025-06-04T18:01:40","modified_gmt":"2025-06-04T16:01:40","slug":"allaria-aperta","status":"publish","type":"product","link":"https:\/\/fattoriadianella.it\/it\/shop\/senza-categoria\/allaria-aperta\/","title":{"rendered":"All\u2019Aria Aperta"},"content":{"rendered":"[vc_row][vc_column][vc_column_text]<strong>ALL\u2019ARIA APERTA<\/strong><\/p>\n<p><strong>ROSATO TOSCANA IGT<\/strong><\/p>\n<p><strong>ZONA DI PRODUZIONE<br \/>\n<\/strong>VINCI &#8211; TOSCANA<\/p>\n<p><strong>ANDAMENTO STAGIONALE <\/strong><br \/>\nL\u2019 andamento meteorologico del 2021 \u00e8 stato caratterizzato da un inverno particolarmente piovoso che ha dato un ottimo approvvigionamento idrico di partenza. I primi germogli di Sangiovese sono apparsi tra fine marzo ed i primi di aprile con<br \/>\nun leggero ritardo rispetto all\u2019annata 2020; dalla seconda met\u00e0 di aprile, un brusco abbassamento delle temperature con fenomeni di gelata intensi, ha creato problemi soprattutto alle uve rosse e dunque in primis al Sangiovese, che solo in parte ha poi reagito producendo nuove gemme e una crescita moderata in debutto di stagione. Dal mese di maggio, con l\u2019arrivo del caldo, la vite ha reagito con un bello sviluppo dei germogli ed un\u2019ottima fioritura, in un clima tendenziale asciutto. La presenza di importanti riserve idriche invernali ha posticipato i possibili stress idrici alla seconda met\u00e0 di luglio, permettendo una buona crescita degli acini e quindi rispettando i nostri tempi di vendemmia. La raccolta delle variet\u00e0 bianche delle basi spumante \u00e8 iniziata nella seconda met\u00e0 di agosto, la prima settimana di settembre per il Vermentino e a met\u00e0 mese le uve Sangiovese, Colorino e infine Cabernet Sauvignon. Una produzione del 15% in meno rispetto all\u2019anno precedente, un\u2019annata eccellente dal punto di vista qualitativo con un buon corredo aromatico ed un\u2019ottima concentrazione polifenolica<\/p>\n<p><strong>VITIGNI<\/strong><br \/>\nSangiovese.<\/p>\n<p><strong>VINIFICAZIONE<\/strong><br \/>\nCriomacerazione sulle bucce per qualche ora; fermentazione in acciaio inox a temperatura controllata tra 12\u00b0C e 16\u00b0C.<\/p>\n<p><strong>MATURAZIONE<\/strong><br \/>\n3 mesi in acciaio inox.<\/p>\n<p><strong>FORMATO<\/strong><br \/>\n750 ml[\/vc_column_text][\/vc_column][\/vc_row]\n","protected":false},"excerpt":{"rendered":"<p><strong>ALL\u2019ARIA APERTA 2024<\/strong><\/p>\n<p><strong>ROSATO TOSCANO IGT VINO BIOLOGICO<\/strong><\/p>\n<p>Un rosato di sangiovese dal profilo aromatico complesso. Un vino fresco e fragrante dalla spiccata personalit\u00e0 che al frutto e alla leggerezza dei primi sorsi sa coniugare con eleganza e raffinatezza l\u2019austerit\u00e0 del Sangiovese<\/p>\n<p><strong>NOTE DEGUSTAZIONE<\/strong><br \/>\nColore rosa tenue. Profilo aromatico complesso con note di fragoline selvatiche, frutti di bosco e violetta. In bocca \u00e8 morbido, avvolgente, piacevolmente minerale e con una bella acidit\u00e0. Persistente ha un finale decisamente fruttato, fresco e piacevole.<\/p>\n<p><strong><a href=\"https:\/\/fattoriadianella.it\/wp-content\/uploads\/AllAria-Aperta-2024.pdf\">SCHEDA TECNICA 2024<\/a><\/strong><\/p>\n<p><!-- <strong><a href=\"https:\/\/fattoriadianella.it\/it\/shop\/vino-it\/allaria-aperta\/\" target=\"_blank\" rel=\"noopener noreferrer\">ANNO 2020<\/a><\/strong> --><\/p>\n","protected":false},"featured_media":2256,"comment_status":"closed","ping_status":"closed","template":"","meta":[],"product_brand":[],"product_cat":[],"product_tag":[],"class_list":{"0":"post-2253","1":"product","2":"type-product","3":"status-publish","4":"has-post-thumbnail","6":"first","7":"instock","8":"taxable","9":"shipping-taxable","10":"purchasable","11":"product-type-simple"},"yoast_head":"<!-- This site is optimized with the Yoast SEO plugin v26.9 - https:\/\/yoast.com\/product\/yoast-seo-wordpress\/ -->\n<title>All\u2019Aria Aperta - Dianella Wine Shop<\/title>\n<meta name=\"description\" content=\"All\u2019Aria Aperta: Un rosato biologico di Sangiovese dal profilo complesso. Un vino fruttato dalla spiccata personalit\u00e0 con l\u2019austerit\u00e0 tipica del Sangiovese.\" \/>\n<meta name=\"robots\" content=\"index, follow, max-snippet:-1, max-image-preview:large, max-video-preview:-1\" \/>\n<link rel=\"canonical\" href=\"https:\/\/fattoriadianella.it\/it\/shop\/senza-categoria\/allaria-aperta\/\" \/>\n<meta property=\"og:locale\" content=\"it_IT\" \/>\n<meta property=\"og:type\" content=\"article\" \/>\n<meta property=\"og:title\" content=\"All\u2019Aria Aperta - Dianella Wine Shop\" \/>\n<meta property=\"og:description\" content=\"All\u2019Aria Aperta: Un rosato biologico di Sangiovese dal profilo complesso. Un vino fruttato dalla spiccata personalit\u00e0 con l\u2019austerit\u00e0 tipica del Sangiovese.\" \/>\n<meta property=\"og:url\" content=\"https:\/\/fattoriadianella.it\/it\/shop\/senza-categoria\/allaria-aperta\/\" \/>\n<meta property=\"og:site_name\" content=\"Dianella Wine Shop\" \/>\n<meta property=\"article:modified_time\" content=\"2025-06-04T16:01:40+00:00\" \/>\n<meta property=\"og:image\" content=\"https:\/\/fattoriadianella.it\/wp-content\/uploads\/all-aria-aperta-2021-prew.jpg\" \/>\n\t<meta property=\"og:image:width\" content=\"1500\" \/>\n\t<meta property=\"og:image:height\" content=\"1500\" \/>\n\t<meta property=\"og:image:type\" content=\"image\/jpeg\" \/>\n<meta name=\"twitter:card\" content=\"summary_large_image\" \/>\n<meta name=\"twitter:label1\" content=\"Tempo di lettura stimato\" \/>\n\t<meta name=\"twitter:data1\" content=\"2 minuti\" \/>\n<script type=\"application\/ld+json\" class=\"yoast-schema-graph\">{\"@context\":\"https:\/\/schema.org\",\"@graph\":[{\"@type\":\"WebPage\",\"@id\":\"https:\/\/fattoriadianella.it\/it\/shop\/senza-categoria\/allaria-aperta\/\",\"url\":\"https:\/\/fattoriadianella.it\/it\/shop\/senza-categoria\/allaria-aperta\/\",\"name\":\"All\u2019Aria Aperta - Dianella Wine Shop\",\"isPartOf\":{\"@id\":\"https:\/\/fattoriadianella.it\/#website\"},\"primaryImageOfPage\":{\"@id\":\"https:\/\/fattoriadianella.it\/it\/shop\/senza-categoria\/allaria-aperta\/#primaryimage\"},\"image\":{\"@id\":\"https:\/\/fattoriadianella.it\/it\/shop\/senza-categoria\/allaria-aperta\/#primaryimage\"},\"thumbnailUrl\":\"https:\/\/fattoriadianella.it\/wp-content\/uploads\/all-aria-aperta-2021-prew.jpg\",\"datePublished\":\"2022-06-28T07:30:28+00:00\",\"dateModified\":\"2025-06-04T16:01:40+00:00\",\"description\":\"All\u2019Aria Aperta: Un rosato biologico di Sangiovese dal profilo complesso. Un vino fruttato dalla spiccata personalit\u00e0 con l\u2019austerit\u00e0 tipica del Sangiovese.\",\"breadcrumb\":{\"@id\":\"https:\/\/fattoriadianella.it\/it\/shop\/senza-categoria\/allaria-aperta\/#breadcrumb\"},\"inLanguage\":\"it-IT\",\"potentialAction\":[{\"@type\":\"ReadAction\",\"target\":[\"https:\/\/fattoriadianella.it\/it\/shop\/senza-categoria\/allaria-aperta\/\"]}]},{\"@type\":\"ImageObject\",\"inLanguage\":\"it-IT\",\"@id\":\"https:\/\/fattoriadianella.it\/it\/shop\/senza-categoria\/allaria-aperta\/#primaryimage\",\"url\":\"https:\/\/fattoriadianella.it\/wp-content\/uploads\/all-aria-aperta-2021-prew.jpg\",\"contentUrl\":\"https:\/\/fattoriadianella.it\/wp-content\/uploads\/all-aria-aperta-2021-prew.jpg\",\"width\":1500,\"height\":1500},{\"@type\":\"BreadcrumbList\",\"@id\":\"https:\/\/fattoriadianella.it\/it\/shop\/senza-categoria\/allaria-aperta\/#breadcrumb\",\"itemListElement\":[{\"@type\":\"ListItem\",\"position\":1,\"name\":\"Home\",\"item\":\"https:\/\/fattoriadianella.it\/it\/\"},{\"@type\":\"ListItem\",\"position\":2,\"name\":\"I Vini di Dianella\",\"item\":\"https:\/\/fattoriadianella.it\/it\/\"},{\"@type\":\"ListItem\",\"position\":3,\"name\":\"All\u2019Aria Aperta\"}]},{\"@type\":\"WebSite\",\"@id\":\"https:\/\/fattoriadianella.it\/#website\",\"url\":\"https:\/\/fattoriadianella.it\/\",\"name\":\"Dianella Wine Shop\",\"description\":\"Dianella Wine SHop\",\"potentialAction\":[{\"@type\":\"SearchAction\",\"target\":{\"@type\":\"EntryPoint\",\"urlTemplate\":\"https:\/\/fattoriadianella.it\/?s={search_term_string}\"},\"query-input\":{\"@type\":\"PropertyValueSpecification\",\"valueRequired\":true,\"valueName\":\"search_term_string\"}}],\"inLanguage\":\"it-IT\"}]}<\/script>\n<!-- \/ Yoast SEO plugin. -->","yoast_head_json":{"title":"All\u2019Aria Aperta - Dianella Wine Shop","description":"All\u2019Aria Aperta: Un rosato biologico di Sangiovese dal profilo complesso. Un vino fruttato dalla spiccata personalit\u00e0 con l\u2019austerit\u00e0 tipica del Sangiovese.","robots":{"index":"index","follow":"follow","max-snippet":"max-snippet:-1","max-image-preview":"max-image-preview:large","max-video-preview":"max-video-preview:-1"},"canonical":"https:\/\/fattoriadianella.it\/it\/shop\/senza-categoria\/allaria-aperta\/","og_locale":"it_IT","og_type":"article","og_title":"All\u2019Aria Aperta - Dianella Wine Shop","og_description":"All\u2019Aria Aperta: Un rosato biologico di Sangiovese dal profilo complesso. Un vino fruttato dalla spiccata personalit\u00e0 con l\u2019austerit\u00e0 tipica del Sangiovese.","og_url":"https:\/\/fattoriadianella.it\/it\/shop\/senza-categoria\/allaria-aperta\/","og_site_name":"Dianella Wine Shop","article_modified_time":"2025-06-04T16:01:40+00:00","og_image":[{"width":1500,"height":1500,"url":"https:\/\/fattoriadianella.it\/wp-content\/uploads\/all-aria-aperta-2021-prew.jpg","type":"image\/jpeg"}],"twitter_card":"summary_large_image","twitter_misc":{"Tempo di lettura stimato":"2 minuti"},"schema":{"@context":"https:\/\/schema.org","@graph":[{"@type":"WebPage","@id":"https:\/\/fattoriadianella.it\/it\/shop\/senza-categoria\/allaria-aperta\/","url":"https:\/\/fattoriadianella.it\/it\/shop\/senza-categoria\/allaria-aperta\/","name":"All\u2019Aria Aperta - Dianella Wine Shop","isPartOf":{"@id":"https:\/\/fattoriadianella.it\/#website"},"primaryImageOfPage":{"@id":"https:\/\/fattoriadianella.it\/it\/shop\/senza-categoria\/allaria-aperta\/#primaryimage"},"image":{"@id":"https:\/\/fattoriadianella.it\/it\/shop\/senza-categoria\/allaria-aperta\/#primaryimage"},"thumbnailUrl":"https:\/\/fattoriadianella.it\/wp-content\/uploads\/all-aria-aperta-2021-prew.jpg","datePublished":"2022-06-28T07:30:28+00:00","dateModified":"2025-06-04T16:01:40+00:00","description":"All\u2019Aria Aperta: Un rosato biologico di Sangiovese dal profilo complesso. Un vino fruttato dalla spiccata personalit\u00e0 con l\u2019austerit\u00e0 tipica del Sangiovese.","breadcrumb":{"@id":"https:\/\/fattoriadianella.it\/it\/shop\/senza-categoria\/allaria-aperta\/#breadcrumb"},"inLanguage":"it-IT","potentialAction":[{"@type":"ReadAction","target":["https:\/\/fattoriadianella.it\/it\/shop\/senza-categoria\/allaria-aperta\/"]}]},{"@type":"ImageObject","inLanguage":"it-IT","@id":"https:\/\/fattoriadianella.it\/it\/shop\/senza-categoria\/allaria-aperta\/#primaryimage","url":"https:\/\/fattoriadianella.it\/wp-content\/uploads\/all-aria-aperta-2021-prew.jpg","contentUrl":"https:\/\/fattoriadianella.it\/wp-content\/uploads\/all-aria-aperta-2021-prew.jpg","width":1500,"height":1500},{"@type":"BreadcrumbList","@id":"https:\/\/fattoriadianella.it\/it\/shop\/senza-categoria\/allaria-aperta\/#breadcrumb","itemListElement":[{"@type":"ListItem","position":1,"name":"Home","item":"https:\/\/fattoriadianella.it\/it\/"},{"@type":"ListItem","position":2,"name":"I Vini di Dianella","item":"https:\/\/fattoriadianella.it\/it\/"},{"@type":"ListItem","position":3,"name":"All\u2019Aria Aperta"}]},{"@type":"WebSite","@id":"https:\/\/fattoriadianella.it\/#website","url":"https:\/\/fattoriadianella.it\/","name":"Dianella Wine Shop","description":"Dianella Wine SHop","potentialAction":[{"@type":"SearchAction","target":{"@type":"EntryPoint","urlTemplate":"https:\/\/fattoriadianella.it\/?s={search_term_string}"},"query-input":{"@type":"PropertyValueSpecification","valueRequired":true,"valueName":"search_term_string"}}],"inLanguage":"it-IT"}]}},"_links":{"self":[{"href":"https:\/\/fattoriadianella.it\/it\/wp-json\/wp\/v2\/product\/2253","targetHints":{"allow":["GET"]}}],"collection":[{"href":"https:\/\/fattoriadianella.it\/it\/wp-json\/wp\/v2\/product"}],"about":[{"href":"https:\/\/fattoriadianella.it\/it\/wp-json\/wp\/v2\/types\/product"}],"replies":[{"embeddable":true,"href":"https:\/\/fattoriadianella.it\/it\/wp-json\/wp\/v2\/comments?post=2253"}],"wp:featuredmedia":[{"embeddable":true,"href":"https:\/\/fattoriadianella.it\/it\/wp-json\/wp\/v2\/media\/2256"}],"wp:attachment":[{"href":"https:\/\/fattoriadianella.it\/it\/wp-json\/wp\/v2\/media?parent=2253"}],"wp:term":[{"taxonomy":"product_brand","embeddable":true,"href":"https:\/\/fattoriadianella.it\/it\/wp-json\/wp\/v2\/product_brand?post=2253"},{"taxonomy":"product_cat","embeddable":true,"href":"https:\/\/fattoriadianella.it\/it\/wp-json\/wp\/v2\/product_cat?post=2253"},{"taxonomy":"product_tag","embeddable":true,"href":"https:\/\/fattoriadianella.it\/it\/wp-json\/wp\/v2\/product_tag?post=2253"}],"curies":[{"name":"wp","href":"https:\/\/api.w.org\/{rel}","templated":true}]}}