{"id":1753,"date":"2021-07-19T10:52:47","date_gmt":"2021-07-19T08:52:47","guid":{"rendered":"https:\/\/fattoriadianella.it\/shop\/senza-categoria\/maria-vittoria-and-ottavia-brut-2020\/"},"modified":"2025-09-01T00:12:14","modified_gmt":"2025-08-31T22:12:14","slug":"maria-vittoria-and-ottavia-brut","status":"publish","type":"product","link":"https:\/\/fattoriadianella.it\/it\/shop\/vino-it\/maria-vittoria-and-ottavia-brut\/","title":{"rendered":"Maria Vittoria &#038; Ottavia Sangiovese Ros\u00e9 Brut"},"content":{"rendered":"[vc_row][vc_column][vc_column_text]<strong>MARIA VITTORIA &amp; OTTAVIA<\/strong><\/p>\n<p><strong>SANGIOVESE ROS\u00c9<\/strong><br \/>\n<strong>BRUT 2024<\/strong><\/p>\n<p><strong>PRODUCTION AREA<\/strong><br \/>\nVINCI \u2013 TOSCANA<\/p>\n<p><strong>ANDAMENTO STAGIONALE<\/strong><\/p>\n<p>Il 2022 si \u00e8 aperto con un inverno particolarmente privo di precipitazioni, caratterizzato dalla presenza di lunghi periodi di alta pressione e notevoli escursioni termiche. Le viti hanno germogliato con 10 giorni di ritardo rispetto agli scorsi anni per poi crescere con grande vigore aiutate da temperature che si sono innalzate sopra la media fin dal mese di maggio. I mesi primaverili sono stati molto asciutti ed anche Il clima asciutto dell\u2019estate ha portato ad una crescita moderata degli acini con fenomeni di stress idrico localizzati. Le piogge cadute a partire da met\u00e0 agosto hanno permesso alle piante di accelerare i processi fisiologici rallentati a causa della siccit\u00e0 e portare avanti la maturazione che \u00e8 arrivata con alcuni giorni di anticipo rispetto allo scorso anno. Poche piogge prima della vendemmia ha portato una buona raccolta e ad inizio settembre si \u00e8 praticamente conclusa la vendemmia dei vitigni bianchi e si \u00e8 iniziato a raccogliere le uve rosse. Il Sangiovese ha beneficiato delle calde giornate e delle precipitazioni per portare a termine la propria maturazione. La vendemmia 2022 ha dato uve perfettamente sane con un tenore zuccherino pi\u00f9 elevato rispetto alla media degli ultimi anni e delle acidit\u00e0 in linea con gli anni passate. Le piccole dimensioni degli acini e la concentrazione raggiunta durante i mesi estivi ci ha dato vendemmia vocata alla produzione di vini rossi di struttura e da lungo invecchiamento.<\/p>\n<p><strong>VITIGNI<\/strong><br \/>\nSangiovese.<\/p>\n<p><strong>VINIFICAZIONE<\/strong><br \/>\nMacerazione a freddo a 5 \u00b0 C per alcune ore. Fermentazione in acciaio inox a 12 \u00b0 C-16 \u00b0 C Il vino viene trasferito in autoclave aggiungendo zuccheri e lieviti selezionati per iniziare la seconda fermentazione. Dopo 60 giorni lo spumante viene imbottigliato<\/p>\n<p><strong>MATURAZIONE<\/strong><br \/>\n3 mesi in bottiglia<\/p>\n<p><strong>FORMATO<\/strong><br \/>\n750 ml.[\/vc_column_text][\/vc_column][\/vc_row]\n","protected":false},"excerpt":{"rendered":"<p><strong>MARIAVITTORIA&amp;OTTAVIA<\/strong><\/p>\n<p><strong>SANGIOVESE ROSATO BRUT 2024<\/strong><br \/>\nSangiovese spumante rosato, il colore molto pallido, il vivace perlage e la nota acida esaltano la freschezza degli aromi e la croccantezza delle uve raccolte precocemente.<\/p>\n<p><strong>NOTE DEGUSTAZIONE<\/strong><br \/>\nColore rosa chiaro brillante. Al naso ha un profilo fine e delicato, fragrante con note che ricordano fragoline di bosco, agrumi e petali di rosa. In bocca \u00e8 fresco e delicato. Delicato e armonico con un finale di ribes e mandorle<\/p>\n<p><strong><a href=\"https:\/\/fattoriadianella.it\/wp-content\/uploads\/Maria-Vittoria-Ottavia-Sangiovese-Brut-2024.pdf\" target=\"_blank\" rel=\"noopener noreferrer\">SCHEDA TECNICA 2024<\/a><\/strong><\/p>\n","protected":false},"featured_media":4218,"comment_status":"closed","ping_status":"closed","template":"","meta":[],"product_brand":[],"product_cat":[42],"product_tag":[],"class_list":{"0":"post-1753","1":"product","2":"type-product","3":"status-publish","4":"has-post-thumbnail","6":"product_cat-vino-it","7":"product_shipping_class-vino-it-3","9":"first","10":"instock","11":"taxable","12":"shipping-taxable","13":"purchasable","14":"product-type-simple"},"yoast_head":"<!-- This site is optimized with the Yoast SEO plugin v26.9 - https:\/\/yoast.com\/product\/yoast-seo-wordpress\/ -->\n<title>Maria Vittoria &amp; Ottavia Sangiovese Ros\u00e9 Brut - Dianella Wine Shop<\/title>\n<meta name=\"description\" content=\"Maria Vittoria &amp; Ottavia Sangiovese Ros\u00e9 Brut: Sangiovese rosato brut. Il perlage e la nota acida esaltano la freschezza delle uve raccolte precocemente.\" \/>\n<meta name=\"robots\" content=\"index, follow, max-snippet:-1, max-image-preview:large, max-video-preview:-1\" \/>\n<link rel=\"canonical\" href=\"https:\/\/fattoriadianella.it\/it\/shop\/vino-it\/maria-vittoria-and-ottavia-brut\/\" \/>\n<meta property=\"og:locale\" content=\"it_IT\" \/>\n<meta property=\"og:type\" content=\"article\" \/>\n<meta property=\"og:title\" content=\"Maria Vittoria &amp; Ottavia Sangiovese Ros\u00e9 Brut - Dianella Wine Shop\" \/>\n<meta property=\"og:description\" content=\"Maria Vittoria &amp; Ottavia Sangiovese Ros\u00e9 Brut: Sangiovese rosato brut. Il perlage e la nota acida esaltano la freschezza delle uve raccolte precocemente.\" \/>\n<meta property=\"og:url\" content=\"https:\/\/fattoriadianella.it\/it\/shop\/vino-it\/maria-vittoria-and-ottavia-brut\/\" \/>\n<meta property=\"og:site_name\" content=\"Dianella Wine Shop\" \/>\n<meta property=\"article:modified_time\" content=\"2025-08-31T22:12:14+00:00\" \/>\n<meta property=\"og:image\" content=\"https:\/\/fattoriadianella.it\/wp-content\/uploads\/11-1.png\" \/>\n\t<meta property=\"og:image:width\" content=\"1485\" \/>\n\t<meta property=\"og:image:height\" content=\"1485\" \/>\n\t<meta property=\"og:image:type\" content=\"image\/png\" \/>\n<meta name=\"twitter:card\" content=\"summary_large_image\" \/>\n<meta name=\"twitter:label1\" content=\"Tempo di lettura stimato\" \/>\n\t<meta name=\"twitter:data1\" content=\"2 minuti\" \/>\n<script type=\"application\/ld+json\" class=\"yoast-schema-graph\">{\"@context\":\"https:\/\/schema.org\",\"@graph\":[{\"@type\":\"WebPage\",\"@id\":\"https:\/\/fattoriadianella.it\/it\/shop\/vino-it\/maria-vittoria-and-ottavia-brut\/\",\"url\":\"https:\/\/fattoriadianella.it\/it\/shop\/vino-it\/maria-vittoria-and-ottavia-brut\/\",\"name\":\"Maria Vittoria & Ottavia Sangiovese Ros\u00e9 Brut - Dianella Wine Shop\",\"isPartOf\":{\"@id\":\"https:\/\/fattoriadianella.it\/#website\"},\"primaryImageOfPage\":{\"@id\":\"https:\/\/fattoriadianella.it\/it\/shop\/vino-it\/maria-vittoria-and-ottavia-brut\/#primaryimage\"},\"image\":{\"@id\":\"https:\/\/fattoriadianella.it\/it\/shop\/vino-it\/maria-vittoria-and-ottavia-brut\/#primaryimage\"},\"thumbnailUrl\":\"https:\/\/fattoriadianella.it\/wp-content\/uploads\/11-1.png\",\"datePublished\":\"2021-07-19T08:52:47+00:00\",\"dateModified\":\"2025-08-31T22:12:14+00:00\",\"description\":\"Maria Vittoria & Ottavia Sangiovese Ros\u00e9 Brut: Sangiovese rosato brut. Il perlage e la nota acida esaltano la freschezza delle uve raccolte precocemente.\",\"breadcrumb\":{\"@id\":\"https:\/\/fattoriadianella.it\/it\/shop\/vino-it\/maria-vittoria-and-ottavia-brut\/#breadcrumb\"},\"inLanguage\":\"it-IT\",\"potentialAction\":[{\"@type\":\"ReadAction\",\"target\":[\"https:\/\/fattoriadianella.it\/it\/shop\/vino-it\/maria-vittoria-and-ottavia-brut\/\"]}]},{\"@type\":\"ImageObject\",\"inLanguage\":\"it-IT\",\"@id\":\"https:\/\/fattoriadianella.it\/it\/shop\/vino-it\/maria-vittoria-and-ottavia-brut\/#primaryimage\",\"url\":\"https:\/\/fattoriadianella.it\/wp-content\/uploads\/11-1.png\",\"contentUrl\":\"https:\/\/fattoriadianella.it\/wp-content\/uploads\/11-1.png\",\"width\":1485,\"height\":1485},{\"@type\":\"BreadcrumbList\",\"@id\":\"https:\/\/fattoriadianella.it\/it\/shop\/vino-it\/maria-vittoria-and-ottavia-brut\/#breadcrumb\",\"itemListElement\":[{\"@type\":\"ListItem\",\"position\":1,\"name\":\"Home\",\"item\":\"https:\/\/fattoriadianella.it\/it\/\"},{\"@type\":\"ListItem\",\"position\":2,\"name\":\"I Vini di Dianella\",\"item\":\"https:\/\/fattoriadianella.it\/it\/\"},{\"@type\":\"ListItem\",\"position\":3,\"name\":\"Maria Vittoria &#038; Ottavia Sangiovese Ros\u00e9 Brut\"}]},{\"@type\":\"WebSite\",\"@id\":\"https:\/\/fattoriadianella.it\/#website\",\"url\":\"https:\/\/fattoriadianella.it\/\",\"name\":\"Dianella Wine Shop\",\"description\":\"Dianella Wine SHop\",\"potentialAction\":[{\"@type\":\"SearchAction\",\"target\":{\"@type\":\"EntryPoint\",\"urlTemplate\":\"https:\/\/fattoriadianella.it\/?s={search_term_string}\"},\"query-input\":{\"@type\":\"PropertyValueSpecification\",\"valueRequired\":true,\"valueName\":\"search_term_string\"}}],\"inLanguage\":\"it-IT\"}]}<\/script>\n<!-- \/ Yoast SEO plugin. -->","yoast_head_json":{"title":"Maria Vittoria & Ottavia Sangiovese Ros\u00e9 Brut - Dianella Wine Shop","description":"Maria Vittoria & Ottavia Sangiovese Ros\u00e9 Brut: Sangiovese rosato brut. Il perlage e la nota acida esaltano la freschezza delle uve raccolte precocemente.","robots":{"index":"index","follow":"follow","max-snippet":"max-snippet:-1","max-image-preview":"max-image-preview:large","max-video-preview":"max-video-preview:-1"},"canonical":"https:\/\/fattoriadianella.it\/it\/shop\/vino-it\/maria-vittoria-and-ottavia-brut\/","og_locale":"it_IT","og_type":"article","og_title":"Maria Vittoria & Ottavia Sangiovese Ros\u00e9 Brut - Dianella Wine Shop","og_description":"Maria Vittoria & Ottavia Sangiovese Ros\u00e9 Brut: Sangiovese rosato brut. Il perlage e la nota acida esaltano la freschezza delle uve raccolte precocemente.","og_url":"https:\/\/fattoriadianella.it\/it\/shop\/vino-it\/maria-vittoria-and-ottavia-brut\/","og_site_name":"Dianella Wine Shop","article_modified_time":"2025-08-31T22:12:14+00:00","og_image":[{"width":1485,"height":1485,"url":"https:\/\/fattoriadianella.it\/wp-content\/uploads\/11-1.png","type":"image\/png"}],"twitter_card":"summary_large_image","twitter_misc":{"Tempo di lettura stimato":"2 minuti"},"schema":{"@context":"https:\/\/schema.org","@graph":[{"@type":"WebPage","@id":"https:\/\/fattoriadianella.it\/it\/shop\/vino-it\/maria-vittoria-and-ottavia-brut\/","url":"https:\/\/fattoriadianella.it\/it\/shop\/vino-it\/maria-vittoria-and-ottavia-brut\/","name":"Maria Vittoria & Ottavia Sangiovese Ros\u00e9 Brut - Dianella Wine Shop","isPartOf":{"@id":"https:\/\/fattoriadianella.it\/#website"},"primaryImageOfPage":{"@id":"https:\/\/fattoriadianella.it\/it\/shop\/vino-it\/maria-vittoria-and-ottavia-brut\/#primaryimage"},"image":{"@id":"https:\/\/fattoriadianella.it\/it\/shop\/vino-it\/maria-vittoria-and-ottavia-brut\/#primaryimage"},"thumbnailUrl":"https:\/\/fattoriadianella.it\/wp-content\/uploads\/11-1.png","datePublished":"2021-07-19T08:52:47+00:00","dateModified":"2025-08-31T22:12:14+00:00","description":"Maria Vittoria & Ottavia Sangiovese Ros\u00e9 Brut: Sangiovese rosato brut. Il perlage e la nota acida esaltano la freschezza delle uve raccolte precocemente.","breadcrumb":{"@id":"https:\/\/fattoriadianella.it\/it\/shop\/vino-it\/maria-vittoria-and-ottavia-brut\/#breadcrumb"},"inLanguage":"it-IT","potentialAction":[{"@type":"ReadAction","target":["https:\/\/fattoriadianella.it\/it\/shop\/vino-it\/maria-vittoria-and-ottavia-brut\/"]}]},{"@type":"ImageObject","inLanguage":"it-IT","@id":"https:\/\/fattoriadianella.it\/it\/shop\/vino-it\/maria-vittoria-and-ottavia-brut\/#primaryimage","url":"https:\/\/fattoriadianella.it\/wp-content\/uploads\/11-1.png","contentUrl":"https:\/\/fattoriadianella.it\/wp-content\/uploads\/11-1.png","width":1485,"height":1485},{"@type":"BreadcrumbList","@id":"https:\/\/fattoriadianella.it\/it\/shop\/vino-it\/maria-vittoria-and-ottavia-brut\/#breadcrumb","itemListElement":[{"@type":"ListItem","position":1,"name":"Home","item":"https:\/\/fattoriadianella.it\/it\/"},{"@type":"ListItem","position":2,"name":"I Vini di Dianella","item":"https:\/\/fattoriadianella.it\/it\/"},{"@type":"ListItem","position":3,"name":"Maria Vittoria &#038; Ottavia Sangiovese Ros\u00e9 Brut"}]},{"@type":"WebSite","@id":"https:\/\/fattoriadianella.it\/#website","url":"https:\/\/fattoriadianella.it\/","name":"Dianella Wine Shop","description":"Dianella Wine SHop","potentialAction":[{"@type":"SearchAction","target":{"@type":"EntryPoint","urlTemplate":"https:\/\/fattoriadianella.it\/?s={search_term_string}"},"query-input":{"@type":"PropertyValueSpecification","valueRequired":true,"valueName":"search_term_string"}}],"inLanguage":"it-IT"}]}},"_links":{"self":[{"href":"https:\/\/fattoriadianella.it\/it\/wp-json\/wp\/v2\/product\/1753","targetHints":{"allow":["GET"]}}],"collection":[{"href":"https:\/\/fattoriadianella.it\/it\/wp-json\/wp\/v2\/product"}],"about":[{"href":"https:\/\/fattoriadianella.it\/it\/wp-json\/wp\/v2\/types\/product"}],"replies":[{"embeddable":true,"href":"https:\/\/fattoriadianella.it\/it\/wp-json\/wp\/v2\/comments?post=1753"}],"wp:featuredmedia":[{"embeddable":true,"href":"https:\/\/fattoriadianella.it\/it\/wp-json\/wp\/v2\/media\/4218"}],"wp:attachment":[{"href":"https:\/\/fattoriadianella.it\/it\/wp-json\/wp\/v2\/media?parent=1753"}],"wp:term":[{"taxonomy":"product_brand","embeddable":true,"href":"https:\/\/fattoriadianella.it\/it\/wp-json\/wp\/v2\/product_brand?post=1753"},{"taxonomy":"product_cat","embeddable":true,"href":"https:\/\/fattoriadianella.it\/it\/wp-json\/wp\/v2\/product_cat?post=1753"},{"taxonomy":"product_tag","embeddable":true,"href":"https:\/\/fattoriadianella.it\/it\/wp-json\/wp\/v2\/product_tag?post=1753"}],"curies":[{"name":"wp","href":"https:\/\/api.w.org\/{rel}","templated":true}]}}