{"id":409,"date":"2020-05-06T07:44:52","date_gmt":"2020-05-06T05:44:52","guid":{"rendered":"https:\/\/fattoriadianella.it\/?page_id=409"},"modified":"2020-05-06T07:44:52","modified_gmt":"2020-05-06T05:44:52","slug":"privacy-policy-registrazione-utente","status":"publish","type":"page","link":"https:\/\/fattoriadianella.it\/it\/privacy-policy-registrazione-utente\/","title":{"rendered":"Privacy Policy Registrazione utente"},"content":{"rendered":"[vc_row css=&#8221;.vc_custom_1588743783791{padding-top: 80px !important;padding-right: 40px !important;padding-bottom: 80px !important;padding-left: 40px !important;}&#8221;][vc_column][vc_custom_heading source=&#8221;post_title&#8221; use_theme_fonts=&#8221;yes&#8221;][vc_empty_space][vc_column_text]\n<p><strong>INFORMAZIONI SUL TRATTAMENTO DEI DATI PERSONALI AI SENSI DELL&#8217;ARTICOLO 13 DEL REGOLAMENTO UE 2016\/679<\/strong><\/p>\n<p><strong>PERCH\u00c9 QUESTE INFORMAZIONI<\/strong><\/p>\n<p>Ai sensi del Regolamento UE 2016\/679, questa pagina descrive le modalit\u00e0 di trattamento dei dati personali comunicati dall\u2019utente con la compilazione del form di registrazione presente all\u2019interno del nostro sito web <a href=\"https:\/\/fattoriadianella.it\">https:\/\/fattoriadianellares.live-website.com<\/a>.<\/p>\n<p>Le presenti informazioni non riguardano altri siti, pagine o servizi online raggiungibili tramite link ipertestuali pubblicati all\u2019interno del nostro sito.<\/p>\n<p><strong>TITOLARE DEL TRATTAMENTO<\/strong><\/p>\n<p><strong>Dianella Societa\u2019 Agricola A R.L.<\/strong> con sede legale in Via Dianella 48 &#8211; 50059 Vinci (FI).<\/p>\n<p>Email di contatto: <a href=\"mailto:info@villadianella.it\">info@villadianella.it<\/a><\/p>\n<p><strong>RESPONSABILE DELLA PROTEZIONE DEI DATI<\/strong><\/p>\n<p>Dianella Societa\u2019 Agricola A R.L. non necessita della figura del Responsabile della Protezione dei Dati ai sensi dell\u2019art. 37 del Regolamento UE 679\/2016.<\/p>\n<p><strong>FINALITA\u2019, BASE GIURIDICA E NATURA OBBLIGATORIA O FACOLTATIVA DEL CONFERIMENTO<\/strong><\/p>\n<p>I dati personali che l\u2019interessato comunica con la compilazione del form di registrazione al nostro sito web saranno trattati dal Titolare per finalit\u00e0 precontrattuali (richiesta informazioni) e contrattuali (acquisto di prodotti).<\/p>\n<p>La base giuridica su cui il Titolare fonda il trattamento \u00e8 il rapporto precontrattuale e contrattuale che intercorre con l\u2019interessato. Per le finalit\u00e0 di cui alla presente informativa il Titolare potr\u00e0 trattare i dati dell\u2019interessato senza un esplicito consenso. La comunicazione dei dati personali (nome, cognome, indirizzo, numero di telefono e email), per le finalit\u00e0 di cui alla presente informativa, \u00e8 obbligatoria in quanto necessaria al raggiungimento delle finalit\u00e0 di cui alla presente informativa.<\/p>\n<p><strong>MODALITA\u2019 DI TRATTAMENTO DEI DATI PERSONALI<\/strong><\/p>\n<p>I dati raccolti sono trattati con strumenti informatici e solo in via residuale con modalit\u00e0 cartacee.<\/p>\n<p>Per il trattamento dei dati personali, raccolti attraverso il sito web, il Titolare utilizza server ubicati all\u2019interno del territorio europeo e sistemi informatici collocati presso la propria sede. Il Titolare non trasferisce i dati al di fuori del territorio europeo.<\/p>\n<p>Sono adottate adeguate misure tecnico e organizzative atte a garantire un adeguato livello di sicurezza e prevenire la perdita di dati, usi illeciti o non corretti ed accessi non autorizzati.<\/p>\n<p>I dati conferiti direttamente dall\u2019interessato sono conservati per l\u2019intera durata del rapporto e secondo gli obblighi di legge.<\/p>\n<p>Per quanto attiene all\u2019utilizzo dei cookie si rimanda alla Cookie Policy di cui al presente sito web.<\/p>\n<p><strong>DESTINATARI DEI DATI<\/strong><\/p>\n<p>I dati dell\u2019interessato potranno essere trattati dal personale dipendente o collaboratore della nostra azienda espressamente designati \u201cautorizzati al trattamento\u201d e\/o nominati \u201cresponsabili del trattamento\u201d.<\/p>\n<p><strong>DIRITTI DEGLI INTERESSATI<\/strong><\/p>\n<p>Gli interessati hanno il diritto di ottenere da Dianella Societ\u00e0 Agricola A R.L., nei casi previsti, l&#8217;accesso ai dati personali e la rettifica o la cancellazione degli stessi o la limitazione del trattamento o di opporsi al trattamento e alla portabilit\u00e0 dei dati (artt. 15 e ss. del Regolamento).<\/p>\n<p>Le richieste vanno rivolte a <a href=\"mailto:info@villadianella.it\">info@villadianella.it<\/a><\/p>\n<p><strong>DIRITTO DI RECLAMO<\/strong><\/p>\n<p>Gli interessati che ritengono che il trattamento dei dati personali a loro riferiti effettuato attraverso questo sito avvenga in violazione di quanto previsto dal Regolamento hanno il diritto di proporre reclamo al Garante, come previsto dall&#8217;art. 77 del Regolamento stesso, o di adire le opportune sedi giudiziarie (art. 79 del Regolamento).<\/p>\n[\/vc_column_text][\/vc_column][\/vc_row]\n","protected":false},"excerpt":{"rendered":"<p>[vc_row css=&#8221;.vc_custom_1588743783791{padding-top: 80px !important;padding-right: 40px !important;padding-bottom: 80px !important;padding-left: 40px !important;}&#8221;][vc_column][vc_custom_heading source=&#8221;post_title&#8221; use_theme_fonts=&#8221;yes&#8221;][vc_empty_space][vc_column_text] INFORMAZIONI SUL TRATTAMENTO DEI DATI PERSONALI AI SENSI DELL&#8217;ARTICOLO 13 DEL REGOLAMENTO UE 2016\/679 PERCH\u00c9 QUESTE INFORMAZIONI Ai&#8230;<\/p>\n","protected":false},"author":112,"featured_media":0,"parent":0,"menu_order":41,"comment_status":"closed","ping_status":"closed","template":"","meta":{"footnotes":""},"class_list":["post-409","page","type-page","status-publish"],"yoast_head":"<!-- This site is optimized with the Yoast SEO plugin v26.9 - https:\/\/yoast.com\/product\/yoast-seo-wordpress\/ -->\n<title>Privacy Policy Registrazione utente - Dianella Wine Shop<\/title>\n<meta name=\"description\" content=\"Privacy Policy Registrazione utente : Fattoria Dianella produce e vende vini in italia e nel mondo. Dianella Wine Shop -\" \/>\n<meta name=\"robots\" content=\"index, follow, max-snippet:-1, max-image-preview:large, max-video-preview:-1\" \/>\n<link rel=\"canonical\" href=\"https:\/\/fattoriadianella.it\/it\/privacy-policy-registrazione-utente\/\" \/>\n<meta property=\"og:locale\" content=\"it_IT\" \/>\n<meta property=\"og:type\" content=\"article\" \/>\n<meta property=\"og:title\" content=\"Privacy Policy Registrazione utente - Dianella Wine Shop\" \/>\n<meta property=\"og:description\" content=\"Privacy Policy Registrazione utente : Fattoria Dianella produce e vende vini in italia e nel mondo. Dianella Wine Shop -\" \/>\n<meta property=\"og:url\" content=\"https:\/\/fattoriadianella.it\/it\/privacy-policy-registrazione-utente\/\" \/>\n<meta property=\"og:site_name\" content=\"Dianella Wine Shop\" \/>\n<meta name=\"twitter:card\" content=\"summary_large_image\" \/>\n<meta name=\"twitter:label1\" content=\"Tempo di lettura stimato\" \/>\n\t<meta name=\"twitter:data1\" content=\"3 minuti\" \/>\n<script type=\"application\/ld+json\" class=\"yoast-schema-graph\">{\"@context\":\"https:\/\/schema.org\",\"@graph\":[{\"@type\":\"WebPage\",\"@id\":\"https:\/\/fattoriadianella.it\/it\/privacy-policy-registrazione-utente\/\",\"url\":\"https:\/\/fattoriadianella.it\/it\/privacy-policy-registrazione-utente\/\",\"name\":\"Privacy Policy Registrazione utente - Dianella Wine Shop\",\"isPartOf\":{\"@id\":\"https:\/\/fattoriadianella.it\/#website\"},\"datePublished\":\"2020-05-06T05:44:52+00:00\",\"description\":\"Privacy Policy Registrazione utente : Fattoria Dianella produce e vende vini in italia e nel mondo. Dianella Wine Shop -\",\"breadcrumb\":{\"@id\":\"https:\/\/fattoriadianella.it\/it\/privacy-policy-registrazione-utente\/#breadcrumb\"},\"inLanguage\":\"it-IT\",\"potentialAction\":[{\"@type\":\"ReadAction\",\"target\":[\"https:\/\/fattoriadianella.it\/it\/privacy-policy-registrazione-utente\/\"]}]},{\"@type\":\"BreadcrumbList\",\"@id\":\"https:\/\/fattoriadianella.it\/it\/privacy-policy-registrazione-utente\/#breadcrumb\",\"itemListElement\":[{\"@type\":\"ListItem\",\"position\":1,\"name\":\"Home\",\"item\":\"https:\/\/fattoriadianella.it\/it\/\"},{\"@type\":\"ListItem\",\"position\":2,\"name\":\"Privacy Policy Registrazione utente\"}]},{\"@type\":\"WebSite\",\"@id\":\"https:\/\/fattoriadianella.it\/#website\",\"url\":\"https:\/\/fattoriadianella.it\/\",\"name\":\"Dianella Wine Shop\",\"description\":\"Dianella Wine SHop\",\"potentialAction\":[{\"@type\":\"SearchAction\",\"target\":{\"@type\":\"EntryPoint\",\"urlTemplate\":\"https:\/\/fattoriadianella.it\/?s={search_term_string}\"},\"query-input\":{\"@type\":\"PropertyValueSpecification\",\"valueRequired\":true,\"valueName\":\"search_term_string\"}}],\"inLanguage\":\"it-IT\"}]}<\/script>\n<!-- \/ Yoast SEO plugin. -->","yoast_head_json":{"title":"Privacy Policy Registrazione utente - Dianella Wine Shop","description":"Privacy Policy Registrazione utente : Fattoria Dianella produce e vende vini in italia e nel mondo. Dianella Wine Shop -","robots":{"index":"index","follow":"follow","max-snippet":"max-snippet:-1","max-image-preview":"max-image-preview:large","max-video-preview":"max-video-preview:-1"},"canonical":"https:\/\/fattoriadianella.it\/it\/privacy-policy-registrazione-utente\/","og_locale":"it_IT","og_type":"article","og_title":"Privacy Policy Registrazione utente - Dianella Wine Shop","og_description":"Privacy Policy Registrazione utente : Fattoria Dianella produce e vende vini in italia e nel mondo. Dianella Wine Shop -","og_url":"https:\/\/fattoriadianella.it\/it\/privacy-policy-registrazione-utente\/","og_site_name":"Dianella Wine Shop","twitter_card":"summary_large_image","twitter_misc":{"Tempo di lettura stimato":"3 minuti"},"schema":{"@context":"https:\/\/schema.org","@graph":[{"@type":"WebPage","@id":"https:\/\/fattoriadianella.it\/it\/privacy-policy-registrazione-utente\/","url":"https:\/\/fattoriadianella.it\/it\/privacy-policy-registrazione-utente\/","name":"Privacy Policy Registrazione utente - Dianella Wine Shop","isPartOf":{"@id":"https:\/\/fattoriadianella.it\/#website"},"datePublished":"2020-05-06T05:44:52+00:00","description":"Privacy Policy Registrazione utente : Fattoria Dianella produce e vende vini in italia e nel mondo. Dianella Wine Shop -","breadcrumb":{"@id":"https:\/\/fattoriadianella.it\/it\/privacy-policy-registrazione-utente\/#breadcrumb"},"inLanguage":"it-IT","potentialAction":[{"@type":"ReadAction","target":["https:\/\/fattoriadianella.it\/it\/privacy-policy-registrazione-utente\/"]}]},{"@type":"BreadcrumbList","@id":"https:\/\/fattoriadianella.it\/it\/privacy-policy-registrazione-utente\/#breadcrumb","itemListElement":[{"@type":"ListItem","position":1,"name":"Home","item":"https:\/\/fattoriadianella.it\/it\/"},{"@type":"ListItem","position":2,"name":"Privacy Policy Registrazione utente"}]},{"@type":"WebSite","@id":"https:\/\/fattoriadianella.it\/#website","url":"https:\/\/fattoriadianella.it\/","name":"Dianella Wine Shop","description":"Dianella Wine SHop","potentialAction":[{"@type":"SearchAction","target":{"@type":"EntryPoint","urlTemplate":"https:\/\/fattoriadianella.it\/?s={search_term_string}"},"query-input":{"@type":"PropertyValueSpecification","valueRequired":true,"valueName":"search_term_string"}}],"inLanguage":"it-IT"}]}},"_links":{"self":[{"href":"https:\/\/fattoriadianella.it\/it\/wp-json\/wp\/v2\/pages\/409","targetHints":{"allow":["GET"]}}],"collection":[{"href":"https:\/\/fattoriadianella.it\/it\/wp-json\/wp\/v2\/pages"}],"about":[{"href":"https:\/\/fattoriadianella.it\/it\/wp-json\/wp\/v2\/types\/page"}],"author":[{"embeddable":true,"href":"https:\/\/fattoriadianella.it\/it\/wp-json\/wp\/v2\/users\/112"}],"replies":[{"embeddable":true,"href":"https:\/\/fattoriadianella.it\/it\/wp-json\/wp\/v2\/comments?post=409"}],"version-history":[{"count":0,"href":"https:\/\/fattoriadianella.it\/it\/wp-json\/wp\/v2\/pages\/409\/revisions"}],"wp:attachment":[{"href":"https:\/\/fattoriadianella.it\/it\/wp-json\/wp\/v2\/media?parent=409"}],"curies":[{"name":"wp","href":"https:\/\/api.w.org\/{rel}","templated":true}]}}