{"id":401,"date":"2020-05-06T07:41:15","date_gmt":"2020-05-06T05:41:15","guid":{"rendered":"https:\/\/fattoriadianella.it\/?page_id=401"},"modified":"2020-05-06T07:42:45","modified_gmt":"2020-05-06T05:42:45","slug":"privacy-policy-newsletter","status":"publish","type":"page","link":"https:\/\/fattoriadianella.it\/it\/privacy-policy-newsletter\/","title":{"rendered":"Privacy Policy Newsletter"},"content":{"rendered":"[vc_row css=&#8221;.vc_custom_1588743705857{padding-top: 80px !important;padding-right: 40px !important;padding-bottom: 80px !important;padding-left: 40px !important;}&#8221;][vc_column][vc_custom_heading source=&#8221;post_title&#8221; use_theme_fonts=&#8221;yes&#8221;][vc_empty_space][vc_column_text]\r\n<p><strong>INFORMAZIONI SUL TRATTAMENTO DEI DATI PERSONALI<\/strong><\/p>\r\n<p>La Newsletter \u00e8 distribuita via email in automatico e gratuitamente a coloro che autorizzano Dianella Societa\u2019 Agricola A R.L. al trattamento dei dati personali per la finalit\u00e0 di invio della newsletter.<\/p>\r\n<p>I dati forniti saranno trattati con strumenti informatici e telematici al solo fine di fornire il servizio di invio della newsletter e, per tale ragione, saranno conservati esclusivamente per il periodo in cui lo stesso sar\u00e0 attivo.<\/p>\r\n<p>La base giuridica di tale trattamento \u00e8 da rinvenirsi nel consenso dell\u2019interessato. L\u2019interessato potr\u00e0 revocare il consenso in qualsiasi momento.<\/p>\r\n<p>Il titolare del trattamento \u00e8 Dianella Societa\u2019 Agricola A R.L. con sede legale in Via Dianella 48 &#8211; 50059 Vinci (FI).<\/p>\r\n<p>Email di contatto: <a href=\"mailto:info@villadianella.it\">info@villadianella.it<\/a><\/p>\r\n<p>I dati dell\u2019interessato potranno essere comunicati ai soli soggetti espressamente designati \u201cautorizzato al trattamento\u201d e\/o nominati \u201cresponsabile esterni del trattamento\u201d. I dati non saranno oggetto di diffusione.<\/p>\r\n<p>Gli interessati hanno il diritto di ottenere dal Titolare, nei casi previsti, l&#8217;accesso ai dati personali e la rettifica o la cancellazione degli stessi o la limitazione del trattamento che li riguarda o di opporsi al trattamento (artt. 15 e ss. del Regolamento).<\/p>\r\n<p>Le richieste vanno rivolte all\u2019indirizzo email: <a href=\"mailto:info@villadianella.it\">info@villadianella.it<\/a><\/p>\r\n<p>Gli interessati che ritengono che il trattamento dei dati personali a loro riferiti effettuato attraverso questo servizio avvenga in violazione di quanto previsto dal Regolamento hanno il diritto di proporre reclamo al Garante, come previsto dall&#8217;art. 77 del Regolamento stesso, o di adire le opportune sedi giudiziarie (art. 79 del Regolamento).<\/p>\r\n<p><strong>CANCELLAZIONE DAL SERVIZIO NEWSLETTER<\/strong><\/p>\r\n<p>Per non ricevere pi\u00f9 la newsletter, \u00e8 sufficiente cliccare su &#8220;Cancellati dalla Newsletter&#8221; presente in fondo ad ogni email che ricever\u00e0.<\/p>\r\n[\/vc_column_text][\/vc_column][\/vc_row]","protected":false},"excerpt":{"rendered":"<p>[vc_row css=&#8221;.vc_custom_1588743705857{padding-top: 80px !important;padding-right: 40px !important;padding-bottom: 80px !important;padding-left: 40px !important;}&#8221;][vc_column][vc_custom_heading source=&#8221;post_title&#8221; use_theme_fonts=&#8221;yes&#8221;][vc_empty_space][vc_column_text] INFORMAZIONI SUL TRATTAMENTO DEI DATI PERSONALI La Newsletter \u00e8 distribuita via email in automatico e gratuitamente a coloro&#8230;<\/p>\n","protected":false},"author":112,"featured_media":0,"parent":0,"menu_order":40,"comment_status":"closed","ping_status":"closed","template":"","meta":{"footnotes":""},"class_list":["post-401","page","type-page","status-publish"],"yoast_head":"<!-- This site is optimized with the Yoast SEO plugin v26.9 - https:\/\/yoast.com\/product\/yoast-seo-wordpress\/ -->\n<title>Privacy Policy Newsletter - Dianella Wine Shop<\/title>\n<meta name=\"description\" content=\"Privacy Policy Newsletter : Fattoria Dianella produce e vende vini in italia e nel mondo. Dianella Wine Shop -\" \/>\n<meta name=\"robots\" content=\"index, follow, max-snippet:-1, max-image-preview:large, max-video-preview:-1\" \/>\n<link rel=\"canonical\" href=\"https:\/\/fattoriadianella.it\/it\/privacy-policy-newsletter\/\" \/>\n<meta property=\"og:locale\" content=\"it_IT\" \/>\n<meta property=\"og:type\" content=\"article\" \/>\n<meta property=\"og:title\" content=\"Privacy Policy Newsletter - Dianella Wine Shop\" \/>\n<meta property=\"og:description\" content=\"Privacy Policy Newsletter : Fattoria Dianella produce e vende vini in italia e nel mondo. Dianella Wine Shop -\" \/>\n<meta property=\"og:url\" content=\"https:\/\/fattoriadianella.it\/it\/privacy-policy-newsletter\/\" \/>\n<meta property=\"og:site_name\" content=\"Dianella Wine Shop\" \/>\n<meta property=\"article:modified_time\" content=\"2020-05-06T05:42:45+00:00\" \/>\n<meta name=\"twitter:card\" content=\"summary_large_image\" \/>\n<meta name=\"twitter:label1\" content=\"Tempo di lettura stimato\" \/>\n\t<meta name=\"twitter:data1\" content=\"2 minuti\" \/>\n<script type=\"application\/ld+json\" class=\"yoast-schema-graph\">{\"@context\":\"https:\/\/schema.org\",\"@graph\":[{\"@type\":\"WebPage\",\"@id\":\"https:\/\/fattoriadianella.it\/it\/privacy-policy-newsletter\/\",\"url\":\"https:\/\/fattoriadianella.it\/it\/privacy-policy-newsletter\/\",\"name\":\"Privacy Policy Newsletter - Dianella Wine Shop\",\"isPartOf\":{\"@id\":\"https:\/\/fattoriadianella.it\/#website\"},\"datePublished\":\"2020-05-06T05:41:15+00:00\",\"dateModified\":\"2020-05-06T05:42:45+00:00\",\"description\":\"Privacy Policy Newsletter : Fattoria Dianella produce e vende vini in italia e nel mondo. Dianella Wine Shop -\",\"breadcrumb\":{\"@id\":\"https:\/\/fattoriadianella.it\/it\/privacy-policy-newsletter\/#breadcrumb\"},\"inLanguage\":\"it-IT\",\"potentialAction\":[{\"@type\":\"ReadAction\",\"target\":[\"https:\/\/fattoriadianella.it\/it\/privacy-policy-newsletter\/\"]}]},{\"@type\":\"BreadcrumbList\",\"@id\":\"https:\/\/fattoriadianella.it\/it\/privacy-policy-newsletter\/#breadcrumb\",\"itemListElement\":[{\"@type\":\"ListItem\",\"position\":1,\"name\":\"Home\",\"item\":\"https:\/\/fattoriadianella.it\/it\/\"},{\"@type\":\"ListItem\",\"position\":2,\"name\":\"Privacy Policy Newsletter\"}]},{\"@type\":\"WebSite\",\"@id\":\"https:\/\/fattoriadianella.it\/#website\",\"url\":\"https:\/\/fattoriadianella.it\/\",\"name\":\"Dianella Wine Shop\",\"description\":\"Dianella Wine SHop\",\"potentialAction\":[{\"@type\":\"SearchAction\",\"target\":{\"@type\":\"EntryPoint\",\"urlTemplate\":\"https:\/\/fattoriadianella.it\/?s={search_term_string}\"},\"query-input\":{\"@type\":\"PropertyValueSpecification\",\"valueRequired\":true,\"valueName\":\"search_term_string\"}}],\"inLanguage\":\"it-IT\"}]}<\/script>\n<!-- \/ Yoast SEO plugin. -->","yoast_head_json":{"title":"Privacy Policy Newsletter - Dianella Wine Shop","description":"Privacy Policy Newsletter : Fattoria Dianella produce e vende vini in italia e nel mondo. Dianella Wine Shop -","robots":{"index":"index","follow":"follow","max-snippet":"max-snippet:-1","max-image-preview":"max-image-preview:large","max-video-preview":"max-video-preview:-1"},"canonical":"https:\/\/fattoriadianella.it\/it\/privacy-policy-newsletter\/","og_locale":"it_IT","og_type":"article","og_title":"Privacy Policy Newsletter - Dianella Wine Shop","og_description":"Privacy Policy Newsletter : Fattoria Dianella produce e vende vini in italia e nel mondo. Dianella Wine Shop -","og_url":"https:\/\/fattoriadianella.it\/it\/privacy-policy-newsletter\/","og_site_name":"Dianella Wine Shop","article_modified_time":"2020-05-06T05:42:45+00:00","twitter_card":"summary_large_image","twitter_misc":{"Tempo di lettura stimato":"2 minuti"},"schema":{"@context":"https:\/\/schema.org","@graph":[{"@type":"WebPage","@id":"https:\/\/fattoriadianella.it\/it\/privacy-policy-newsletter\/","url":"https:\/\/fattoriadianella.it\/it\/privacy-policy-newsletter\/","name":"Privacy Policy Newsletter - Dianella Wine Shop","isPartOf":{"@id":"https:\/\/fattoriadianella.it\/#website"},"datePublished":"2020-05-06T05:41:15+00:00","dateModified":"2020-05-06T05:42:45+00:00","description":"Privacy Policy Newsletter : Fattoria Dianella produce e vende vini in italia e nel mondo. Dianella Wine Shop -","breadcrumb":{"@id":"https:\/\/fattoriadianella.it\/it\/privacy-policy-newsletter\/#breadcrumb"},"inLanguage":"it-IT","potentialAction":[{"@type":"ReadAction","target":["https:\/\/fattoriadianella.it\/it\/privacy-policy-newsletter\/"]}]},{"@type":"BreadcrumbList","@id":"https:\/\/fattoriadianella.it\/it\/privacy-policy-newsletter\/#breadcrumb","itemListElement":[{"@type":"ListItem","position":1,"name":"Home","item":"https:\/\/fattoriadianella.it\/it\/"},{"@type":"ListItem","position":2,"name":"Privacy Policy Newsletter"}]},{"@type":"WebSite","@id":"https:\/\/fattoriadianella.it\/#website","url":"https:\/\/fattoriadianella.it\/","name":"Dianella Wine Shop","description":"Dianella Wine SHop","potentialAction":[{"@type":"SearchAction","target":{"@type":"EntryPoint","urlTemplate":"https:\/\/fattoriadianella.it\/?s={search_term_string}"},"query-input":{"@type":"PropertyValueSpecification","valueRequired":true,"valueName":"search_term_string"}}],"inLanguage":"it-IT"}]}},"_links":{"self":[{"href":"https:\/\/fattoriadianella.it\/it\/wp-json\/wp\/v2\/pages\/401","targetHints":{"allow":["GET"]}}],"collection":[{"href":"https:\/\/fattoriadianella.it\/it\/wp-json\/wp\/v2\/pages"}],"about":[{"href":"https:\/\/fattoriadianella.it\/it\/wp-json\/wp\/v2\/types\/page"}],"author":[{"embeddable":true,"href":"https:\/\/fattoriadianella.it\/it\/wp-json\/wp\/v2\/users\/112"}],"replies":[{"embeddable":true,"href":"https:\/\/fattoriadianella.it\/it\/wp-json\/wp\/v2\/comments?post=401"}],"version-history":[{"count":0,"href":"https:\/\/fattoriadianella.it\/it\/wp-json\/wp\/v2\/pages\/401\/revisions"}],"wp:attachment":[{"href":"https:\/\/fattoriadianella.it\/it\/wp-json\/wp\/v2\/media?parent=401"}],"curies":[{"name":"wp","href":"https:\/\/api.w.org\/{rel}","templated":true}]}}